{"id":13551,"date":"2023-04-17T13:30:00","date_gmt":"2023-04-17T13:30:00","guid":{"rendered":"https:\/\/gfes.fi\/kontakti\/"},"modified":"2024-04-24T14:51:02","modified_gmt":"2024-04-24T14:51:02","slug":"kontakti","status":"publish","type":"page","link":"https:\/\/gfes.fi\/fi\/kontakti\/","title":{"rendered":"Kontakti"},"content":{"rendered":"\t\t<div data-elementor-type=\"wp-page\" data-elementor-id=\"13551\" class=\"elementor elementor-13551 elementor-998\" data-elementor-post-type=\"page\">\n\t\t\t\t\t\t<section class=\"elementor-section elementor-top-section elementor-element elementor-element-562f097e elementor-section-height-min-height elementor-section-boxed elementor-section-height-default elementor-section-items-middle\" data-id=\"562f097e\" data-element_type=\"section\" data-settings=\"{&quot;background_background&quot;:&quot;classic&quot;,&quot;shape_divider_bottom&quot;:&quot;tilt&quot;}\">\n\t\t\t\t\t<div class=\"elementor-shape elementor-shape-bottom\" data-negative=\"false\">\n\t\t\t<svg xmlns=\"http:\/\/www.w3.org\/2000\/svg\" viewBox=\"0 0 1000 100\" preserveAspectRatio=\"none\">\n\t<path class=\"elementor-shape-fill\" d=\"M0,6V0h1000v100L0,6z\"\/>\n<\/svg>\t\t<\/div>\n\t\t\t\t\t<div class=\"elementor-container elementor-column-gap-default\">\n\t\t\t\t\t<div class=\"elementor-column elementor-col-100 elementor-top-column elementor-element elementor-element-65ac41bf\" data-id=\"65ac41bf\" data-element_type=\"column\">\n\t\t\t<div class=\"elementor-widget-wrap\">\n\t\t\t\t\t\t\t<\/div>\n\t\t<\/div>\n\t\t\t\t\t<\/div>\n\t\t<\/section>\n\t\t\t\t<section class=\"elementor-section elementor-top-section elementor-element elementor-element-6d7349a5 elementor-section-boxed elementor-section-height-default elementor-section-height-default\" data-id=\"6d7349a5\" data-element_type=\"section\">\n\t\t\t\t\t\t<div class=\"elementor-container elementor-column-gap-default\">\n\t\t\t\t\t<div class=\"elementor-column elementor-col-50 elementor-top-column elementor-element elementor-element-47e23b83\" data-id=\"47e23b83\" data-element_type=\"column\">\n\t\t\t<div class=\"elementor-widget-wrap elementor-element-populated\">\n\t\t\t\t\t\t<div class=\"elementor-element elementor-element-38209cb0 elementor-widget elementor-widget-qi_addons_for_elementor_animated_text\" data-id=\"38209cb0\" data-element_type=\"widget\" data-widget_type=\"qi_addons_for_elementor_animated_text.default\">\n\t\t\t\t<div class=\"elementor-widget-container\">\n\t\t\t<div class=\"qodef-shortcode qodef-m  qodef-qi-animated-text qodef--animated-by-letter  qodef-qi--has-appear qodef--appear-from-right\" >\n\t\t<h1 class=\"qodef-m-title\">\n\t\t<span class=\"qodef-e-word-holder\">Jutellaan<\/span>\t<\/h1>\n<\/div>\n\t\t<\/div>\n\t\t\t\t<\/div>\n\t\t\t\t<div class=\"elementor-element elementor-element-375445b1 animated-slow elementor-invisible elementor-widget elementor-widget-heading\" data-id=\"375445b1\" data-element_type=\"widget\" data-settings=\"{&quot;_animation&quot;:&quot;fadeInUp&quot;}\" data-widget_type=\"heading.default\">\n\t\t\t\t<div class=\"elementor-widget-container\">\n\t\t\t<h2 class=\"elementor-heading-title elementor-size-default\">Onko sinulla projekti mieless\u00e4si? Keskustellaan yksityiskohdista.<\/h2>\t\t<\/div>\n\t\t\t\t<\/div>\n\t\t\t\t<div class=\"elementor-element elementor-element-767393b5 elementor-widget elementor-widget-spacer\" data-id=\"767393b5\" data-element_type=\"widget\" data-widget_type=\"spacer.default\">\n\t\t\t\t<div class=\"elementor-widget-container\">\n\t\t\t\t\t<div class=\"elementor-spacer\">\n\t\t\t<div class=\"elementor-spacer-inner\"><\/div>\n\t\t<\/div>\n\t\t\t\t<\/div>\n\t\t\t\t<\/div>\n\t\t\t\t<div class=\"elementor-element elementor-element-4ab25234 elementor-widget elementor-widget-heading\" data-id=\"4ab25234\" data-element_type=\"widget\" data-widget_type=\"heading.default\">\n\t\t\t\t<div class=\"elementor-widget-container\">\n\t\t\t<h3 class=\"elementor-heading-title elementor-size-default\">Soita meille<\/h3>\t\t<\/div>\n\t\t\t\t<\/div>\n\t\t\t\t<div class=\"elementor-element elementor-element-51e477b2 elementor-widget elementor-widget-heading\" data-id=\"51e477b2\" data-element_type=\"widget\" data-widget_type=\"heading.default\">\n\t\t\t\t<div class=\"elementor-widget-container\">\n\t\t\t<h2 class=\"elementor-heading-title elementor-size-default\">+358 46 9595066<\/h2>\t\t<\/div>\n\t\t\t\t<\/div>\n\t\t\t\t\t<\/div>\n\t\t<\/div>\n\t\t\t\t<div class=\"elementor-column elementor-col-50 elementor-top-column elementor-element elementor-element-3d27bed2\" data-id=\"3d27bed2\" data-element_type=\"column\">\n\t\t\t<div class=\"elementor-widget-wrap elementor-element-populated\">\n\t\t\t\t\t\t<div class=\"elementor-element elementor-element-50988488 elementor-widget elementor-widget-qi_addons_for_elementor_wp_forms\" data-id=\"50988488\" data-element_type=\"widget\" data-widget_type=\"qi_addons_for_elementor_wp_forms.default\">\n\t\t\t\t<div class=\"elementor-widget-container\">\n\t\t\t<div class=\"qodef-shortcode qodef-m  qodef-qi-wp-forms \">\n\t<div class=\"wpforms-container wpforms-container-full wpforms-render-modern\" id=\"wpforms-12598\"><form id=\"wpforms-form-12598\" class=\"wpforms-validate wpforms-form wpforms-ajax-form\" data-formid=\"12598\" method=\"post\" enctype=\"multipart\/form-data\" action=\"\/fi\/wp-json\/wp\/v2\/pages\/13551\" data-token=\"c244b3bacf5c07a63140380091fe0b88\"><noscript class=\"wpforms-error-noscript\">Please enable JavaScript in your browser to complete this form.<\/noscript><div class=\"wpforms-hidden\" id=\"wpforms-error-noscript\">Please enable JavaScript in your browser to complete this form.<\/div><div class=\"wpforms-field-container\"><div id=\"wpforms-12598-field_3-container\" class=\"wpforms-field wpforms-field-text\" data-field-type=\"text\" data-field-id=\"3\"><label class=\"wpforms-field-label wpforms-label-hide\" for=\"wpforms-12598-field_3\" aria-hidden=\"false\">Nimi <span class=\"wpforms-required-label\" aria-hidden=\"true\">*<\/span><\/label><input type=\"text\" id=\"wpforms-12598-field_3\" class=\"wpforms-field-large wpforms-field-required\" name=\"wpforms[fields][3]\" placeholder=\"Nimi\" aria-errormessage=\"wpforms-12598-field_3-error\" required><\/div><div id=\"wpforms-12598-field_1-container\" class=\"wpforms-field wpforms-field-email\" data-field-type=\"email\" data-field-id=\"1\"><label class=\"wpforms-field-label wpforms-label-hide\" for=\"wpforms-12598-field_1\" aria-hidden=\"false\">S\u00e4hk\u00f6posti <span class=\"wpforms-required-label\" aria-hidden=\"true\">*<\/span><\/label><input type=\"email\" id=\"wpforms-12598-field_1\" class=\"wpforms-field-large wpforms-field-required\" name=\"wpforms[fields][1]\" placeholder=\"S\u00e4hk\u00f6posti\" spellcheck=\"false\" aria-errormessage=\"wpforms-12598-field_1-error\" required><\/div><div id=\"wpforms-12598-field_2-container\" class=\"wpforms-field wpforms-field-textarea\" data-field-type=\"textarea\" data-field-id=\"2\"><label class=\"wpforms-field-label wpforms-label-hide\" for=\"wpforms-12598-field_2\" aria-hidden=\"false\">Sinun viestisi <span class=\"wpforms-required-label\" aria-hidden=\"true\">*<\/span><\/label><textarea id=\"wpforms-12598-field_2\" class=\"wpforms-field-large wpforms-field-required\" name=\"wpforms[fields][2]\" placeholder=\"Sinun viestisi\" aria-errormessage=\"wpforms-12598-field_2-error\" required><\/textarea><\/div><\/div><!-- .wpforms-field-container --><div class=\"wpforms-submit-container\" ><input type=\"hidden\" name=\"wpforms[id]\" value=\"12598\"><input type=\"hidden\" name=\"wpforms[author]\" value=\"2\"><button type=\"submit\" name=\"wpforms[submit]\" id=\"wpforms-submit-12598\" class=\"wpforms-submit contact-button\" data-alt-text=\"L\u00e4hetys...\" data-submit-text=\"Alistua\" aria-live=\"assertive\" value=\"wpforms-submit\">Alistua<\/button><img decoding=\"async\" src=\"https:\/\/gfes.fi\/wp-content\/plugins\/wpforms\/assets\/images\/submit-spin.svg\" class=\"wpforms-submit-spinner\" style=\"display: none;\" width=\"26\" height=\"26\" alt=\"Loading\"><\/div><\/form><\/div>  <!-- .wpforms-container --><\/div>\n\t\t<\/div>\n\t\t\t\t<\/div>\n\t\t\t\t\t<\/div>\n\t\t<\/div>\n\t\t\t\t\t<\/div>\n\t\t<\/section>\n\t\t\t\t<\/div>\n\t\t","protected":false},"excerpt":{"rendered":"<p>Jutellaan Onko sinulla projekti mieless\u00e4si? Keskustellaan yksityiskohdista. Soita meille +358 46 9595066 Please enable JavaScript in your browser to complete this form.Please enable JavaScript in your browser to complete this form.Name *Email *Your Message * Submit<\/p>\n","protected":false},"author":2,"featured_media":0,"parent":0,"menu_order":0,"comment_status":"closed","ping_status":"closed","template":"elementor_header_footer","meta":{"_seopress_robots_primary_cat":"","_seopress_titles_title":"Biomassan tehon vapauttaminen: mullista L\u00e4mmityksesi kest\u00e4vill\u00e4 ratkaisuilla %%sep%% %%sitename%%","_seopress_titles_desc":"Edullinen, halpa ja kest\u00e4v\u00e4 l\u00e4mmitys tuottaa energiaa. Korkealaatuiset pelletit, jotka on valmistettu kaurasta, tattarista, auringonkukasta ja turpeen kuoresta. Soita meille: +358 46 9595066","_seopress_robots_index":"","inline_featured_image":false,"footnotes":""},"class_list":{"0":"post-13551","1":"page","2":"type-page","3":"status-publish","5":"is-cat-link-borders-light is-cat-link-rounded"},"_links":{"self":[{"href":"https:\/\/gfes.fi\/fi\/wp-json\/wp\/v2\/pages\/13551","targetHints":{"allow":["GET"]}}],"collection":[{"href":"https:\/\/gfes.fi\/fi\/wp-json\/wp\/v2\/pages"}],"about":[{"href":"https:\/\/gfes.fi\/fi\/wp-json\/wp\/v2\/types\/page"}],"author":[{"embeddable":true,"href":"https:\/\/gfes.fi\/fi\/wp-json\/wp\/v2\/users\/2"}],"replies":[{"embeddable":true,"href":"https:\/\/gfes.fi\/fi\/wp-json\/wp\/v2\/comments?post=13551"}],"version-history":[{"count":3,"href":"https:\/\/gfes.fi\/fi\/wp-json\/wp\/v2\/pages\/13551\/revisions"}],"predecessor-version":[{"id":13760,"href":"https:\/\/gfes.fi\/fi\/wp-json\/wp\/v2\/pages\/13551\/revisions\/13760"}],"wp:attachment":[{"href":"https:\/\/gfes.fi\/fi\/wp-json\/wp\/v2\/media?parent=13551"}],"curies":[{"name":"wp","href":"https:\/\/api.w.org\/{rel}","templated":true}]}}