{"id":13985,"date":"2025-10-01T12:38:58","date_gmt":"2025-10-01T12:38:58","guid":{"rendered":"https:\/\/gfes.fi\/?page_id=13985"},"modified":"2025-10-02T08:14:22","modified_gmt":"2025-10-02T08:14:22","slug":"teknologia-gfes","status":"publish","type":"page","link":"https:\/\/gfes.fi\/fi\/teknologia-gfes\/","title":{"rendered":"Teknologia GFES"},"content":{"rendered":"\t\t<div data-elementor-type=\"wp-page\" data-elementor-id=\"13985\" class=\"elementor elementor-13985 elementor-13984\" data-elementor-post-type=\"page\">\n\t\t\t\t\t\t<section class=\"elementor-section elementor-top-section elementor-element elementor-element-3e6d302f elementor-section-full_width elementor-section-stretched elementor-section-height-default elementor-section-height-default\" data-id=\"3e6d302f\" data-element_type=\"section\" data-settings=\"{&quot;stretch_section&quot;:&quot;section-stretched&quot;,&quot;background_background&quot;:&quot;classic&quot;}\">\n\t\t\t\t\t\t<div class=\"elementor-container elementor-column-gap-default\">\n\t\t\t\t\t<div class=\"elementor-column elementor-col-100 elementor-top-column elementor-element elementor-element-68bfe26c\" data-id=\"68bfe26c\" data-element_type=\"column\">\n\t\t\t<div class=\"elementor-widget-wrap\">\n\t\t\t\t\t\t\t<\/div>\n\t\t<\/div>\n\t\t\t\t\t<\/div>\n\t\t<\/section>\n\t\t\t\t<section class=\"elementor-section elementor-top-section elementor-element elementor-element-4fd0ab28 elementor-section-height-min-height elementor-section-boxed elementor-section-height-default elementor-section-items-middle\" data-id=\"4fd0ab28\" data-element_type=\"section\" data-settings=\"{&quot;background_background&quot;:&quot;classic&quot;,&quot;shape_divider_bottom&quot;:&quot;tilt&quot;}\">\n\t\t\t\t\t\t\t<div class=\"elementor-background-overlay\"><\/div>\n\t\t\t\t\t\t<div class=\"elementor-shape elementor-shape-bottom\" data-negative=\"false\">\n\t\t\t<svg xmlns=\"http:\/\/www.w3.org\/2000\/svg\" viewBox=\"0 0 1000 100\" preserveAspectRatio=\"none\">\n\t<path class=\"elementor-shape-fill\" d=\"M0,6V0h1000v100L0,6z\"\/>\n<\/svg>\t\t<\/div>\n\t\t\t\t\t<div class=\"elementor-container elementor-column-gap-default\">\n\t\t\t\t\t<div class=\"elementor-column elementor-col-100 elementor-top-column elementor-element elementor-element-6a8f409f\" data-id=\"6a8f409f\" data-element_type=\"column\">\n\t\t\t<div class=\"elementor-widget-wrap\">\n\t\t\t\t\t\t\t<\/div>\n\t\t<\/div>\n\t\t\t\t\t<\/div>\n\t\t<\/section>\n\t\t\t\t<section class=\"elementor-section elementor-top-section elementor-element elementor-element-cc1ddb8 elementor-section-boxed elementor-section-height-default elementor-section-height-default\" data-id=\"cc1ddb8\" data-element_type=\"section\" data-settings=\"{&quot;background_background&quot;:&quot;classic&quot;}\">\n\t\t\t\t\t\t<div class=\"elementor-container elementor-column-gap-default\">\n\t\t\t\t\t<div class=\"elementor-column elementor-col-100 elementor-top-column elementor-element elementor-element-1b470b6\" data-id=\"1b470b6\" data-element_type=\"column\">\n\t\t\t<div class=\"elementor-widget-wrap elementor-element-populated\">\n\t\t\t\t\t\t<div class=\"elementor-element elementor-element-a56c4ae elementor-widget elementor-widget-qi_addons_for_elementor_animated_text\" data-id=\"a56c4ae\" data-element_type=\"widget\" data-widget_type=\"qi_addons_for_elementor_animated_text.default\">\n\t\t\t\t<div class=\"elementor-widget-container\">\n\t\t\t<div class=\"qodef-shortcode qodef-m  qodef-qi-animated-text qodef--animated-by-letter  qodef-qi--has-appear qodef--appear-from-right\" >\n\t\t<h1 class=\"qodef-m-title\">\n\t\t<span class=\"qodef-e-word-holder\">Teknologia<\/span> <span class=\"qodef-e-word-holder\">GFES<\/span>\t<\/h1>\n<\/div>\n\t\t<\/div>\n\t\t\t\t<\/div>\n\t\t\t\t<div class=\"elementor-element elementor-element-e8eb76a animated-slow elementor-invisible elementor-widget elementor-widget-heading\" data-id=\"e8eb76a\" data-element_type=\"widget\" data-settings=\"{&quot;_animation&quot;:&quot;fadeInUp&quot;}\" data-widget_type=\"heading.default\">\n\t\t\t\t<div class=\"elementor-widget-container\">\n\t\t\t<h2 class=\"elementor-heading-title elementor-size-default\">Sitoutumisemme laatuun ja innovaatioihin tarjoamme uusinta teknologiaa yrityksesi tai henkil\u00f6kohtaisten tarpeidesi tehostamiseksi. Mukautettavat ratkaisumme t\u00e4ytt\u00e4v\u00e4t kaikki vaatimukset l\u00e4ht\u00f6tason p\u00f6yt\u00e4tietokoneista huippuluokan ty\u00f6asemiin.<\/h2>\t\t<\/div>\n\t\t\t\t<\/div>\n\t\t<div class=\"elementor-element elementor-element-ff5237d e-flex e-con-boxed e-con e-parent\" data-id=\"ff5237d\" data-element_type=\"container\">\n\t\t\t\t\t<div class=\"e-con-inner\">\n\t\t\t\t<div class=\"elementor-element elementor-element-baffc20 elementor-widget elementor-widget-text-editor\" data-id=\"baffc20\" data-element_type=\"widget\" data-widget_type=\"text-editor.default\">\n\t\t\t\t<div class=\"elementor-widget-container\">\n\t\t\t\t\t\t\t<p>Laaja IT-laitteistovalikoimamme kannettavista tietokoneista palvelimiin on vuokrattavissa yrityksesi tarpeisiin. Joustavien leasing-vaihtoehtojemme avulla voit pit\u00e4\u00e4 teknologiasi ajan tasalla ilman uusien laitteiden hankintakustannuksia.<\/p>\n\t\t\t\t\t\t<\/div>\n\t\t\t\t<\/div>\n\t\t\t\t<div class=\"elementor-element elementor-element-f56f796 elementor-widget elementor-widget-text-editor\" data-id=\"f56f796\" data-element_type=\"widget\" data-widget_type=\"text-editor.default\">\n\t\t\t\t<div class=\"elementor-widget-container\">\n\t\t\t\t\t\t\t<p>GFES tuo sinulle parasta teknologiaa alan suurimmilta ja luotettavimmilta tuotemerkeilt\u00e4. T\u00e4m\u00e4n monipuolisen tuotemerkkivalikoiman avulla Tarjoamme r\u00e4\u00e4t\u00e4l\u00f6ityj\u00e4 ratkaisuja vastaamaan ainutlaatuisia liiketoimintatarpeitasi.<\/p>\n<p>Etsitp\u00e4 sitten laitteistoja, ohjelmistoja tai verkkoratkaisuja, meill\u00e4 on sinut katettu.<\/p>\n\t\t\t\t\t\t<\/div>\n\t\t\t\t<\/div>\n\t\t\t\t\t<\/div>\n\t\t\t\t<\/div>\n\t\t\t\t\t<\/div>\n\t\t<\/div>\n\t\t\t\t\t<\/div>\n\t\t<\/section>\n\t\t\t\t<section class=\"elementor-section elementor-top-section elementor-element elementor-element-fe37404 elementor-section-height-min-height elementor-section-stretched elementor-section-boxed elementor-section-height-default elementor-section-items-middle\" data-id=\"fe37404\" data-element_type=\"section\" data-settings=\"{&quot;stretch_section&quot;:&quot;section-stretched&quot;,&quot;background_background&quot;:&quot;classic&quot;}\">\n\t\t\t\t\t\t\t<div class=\"elementor-background-overlay\"><\/div>\n\t\t\t\t\t\t\t<div class=\"elementor-container elementor-column-gap-default\">\n\t\t\t\t\t<div class=\"elementor-column elementor-col-100 elementor-top-column elementor-element elementor-element-35b7e44\" data-id=\"35b7e44\" data-element_type=\"column\">\n\t\t\t<div class=\"elementor-widget-wrap elementor-element-populated\">\n\t\t\t\t\t\t<div class=\"elementor-element elementor-element-549b413 animated-slow elementor-invisible elementor-widget elementor-widget-qi_addons_for_elementor_typeout_text\" data-id=\"549b413\" data-element_type=\"widget\" data-settings=\"{&quot;_animation&quot;:&quot;fadeInUp&quot;}\" data-widget_type=\"qi_addons_for_elementor_typeout_text.default\">\n\t\t\t\t<div class=\"elementor-widget-container\">\n\t\t\t<div class=\"qodef-shortcode qodef-m  qodef-qi-typeout-text\" data-strings=\"[&quot;&quot;]\">\n\t<h1 class=\"qodef-m-text\">\n\t\t\t\t\tOletko kyll\u00e4stynyt maksamaan liikaa?\t\t\t\t<span class=\"qodef-typeout-holder\">\n\t\t\t<span class=\"qodef-typeout\"><\/span>\n\t\t<\/span>\n\t<\/h1>\n<\/div>\n\t\t<\/div>\n\t\t\t\t<\/div>\n\t\t\t\t<div class=\"elementor-element elementor-element-498f505 animated-slow elementor-invisible elementor-widget elementor-widget-qi_addons_for_elementor_typeout_text\" data-id=\"498f505\" data-element_type=\"widget\" data-settings=\"{&quot;_animation&quot;:&quot;fadeInUp&quot;}\" data-widget_type=\"qi_addons_for_elementor_typeout_text.default\">\n\t\t\t\t<div class=\"elementor-widget-container\">\n\t\t\t<div class=\"qodef-shortcode qodef-m  qodef-qi-typeout-text\" data-strings=\"[&quot;Hei&quot;,&quot;Hei&quot;,&quot;Zdravstvuyte&quot;,&quot;Tere&quot;]\">\n\t<h2 class=\"qodef-m-text\">\n\t\t\t\t\t\u00c4l\u00e4 ep\u00e4r\u00f6i sanoa\t\t\t\t<span class=\"qodef-typeout-holder\">\n\t\t\t<span class=\"qodef-typeout\"><\/span>\n\t\t<\/span>\n\t<\/h2>\n<\/div>\n\t\t<\/div>\n\t\t\t\t<\/div>\n\t\t\t\t<div class=\"elementor-element elementor-element-aee24d6 elementor-widget__width-auto animated-slow elementor-invisible elementor-widget elementor-widget-qi_addons_for_elementor_button\" data-id=\"aee24d6\" data-element_type=\"widget\" data-settings=\"{&quot;_animation&quot;:&quot;fadeInUp&quot;,&quot;_animation_delay&quot;:&quot;200&quot;}\" data-widget_type=\"qi_addons_for_elementor_button.default\">\n\t\t\t\t<div class=\"elementor-widget-container\">\n\t\t\t<a class=\"qodef-shortcode qodef-m  qodef-qi-button qodef-html--link qodef-layout--outlined qodef-type--icon-boxed   qodef-icon--right qodef-hover--icon-move-horizontal-short   qodef-text-underline qodef-underline--left \" href=\"https:\/\/gfes.fi\/contact\/\" target=\"_self\">\n\t<span class=\"qodef-m-text\">Jutellaan<\/span>\n\t\t<span class=\"qodef-m-icon \">\n\t\t<span class=\"qodef-m-icon-inner\">\n\t\t\t<svg aria-hidden=\"true\" class=\"e-font-icon-svg e-fas-long-arrow-alt-right\" viewBox=\"0 0 448 512\" xmlns=\"http:\/\/www.w3.org\/2000\/svg\"><path d=\"M313.941 216H12c-6.627 0-12 5.373-12 12v56c0 6.627 5.373 12 12 12h301.941v46.059c0 21.382 25.851 32.09 40.971 16.971l86.059-86.059c9.373-9.373 9.373-24.569 0-33.941l-86.059-86.059c-15.119-15.119-40.971-4.411-40.971 16.971V216z\"><\/path><\/svg>\t\t\t\t\t<\/span>\n\t<\/span>\n<\/a>\n\t\t<\/div>\n\t\t\t\t<\/div>\n\t\t\t\t\t<\/div>\n\t\t<\/div>\n\t\t\t\t\t<\/div>\n\t\t<\/section>\n\t\t\t\t<\/div>\n\t\t","protected":false},"excerpt":{"rendered":"<p>Teknologia GFES Sitoutumisemme laatuun ja innovaatioihin tarjoamme uusinta teknologiaa yrityksesi tai henkil\u00f6kohtaisten tarpeidesi tehostamiseksi. Mukautettavat ratkaisumme t\u00e4ytt\u00e4v\u00e4t kaikki vaatimukset l\u00e4ht\u00f6tason p\u00f6yt\u00e4tietokoneista huippuluokan ty\u00f6asemiin. Laaja IT-laitteistovalikoimamme kannettavista tietokoneista palvelimiin on vuokrattavissa yrityksesi tarpeisiin. Joustavien leasing-vaihtoehtojemme avulla voit pit\u00e4\u00e4 teknologiasi ajan tasalla ilman uusien laitteiden hankintakustannuksia. GFES tuo sinulle parasta teknologiaa alan suurimmilta ja luotettavimmilta tuotemerkeilt\u00e4. T\u00e4m\u00e4n monipuolisen tuotemerkkivalikoiman avulla Tarjoamme r\u00e4\u00e4t\u00e4l\u00f6ityj\u00e4 ratkaisuja vastaamaan ainutlaatuisia liiketoimintatarpeitasi. Etsitp\u00e4&#8230; <\/p>\n<p class=\"more\"><a class=\"more-link\" href=\"https:\/\/gfes.fi\/fi\/teknologia-gfes\/\">Read More<\/a><\/p>\n","protected":false},"author":2,"featured_media":0,"parent":0,"menu_order":0,"comment_status":"closed","ping_status":"closed","template":"elementor_header_footer","meta":{"_seopress_robots_primary_cat":"","_seopress_titles_title":"Halvat l\u00e4mmitystarpeet, biomassan l\u00e4mmitysratkaisut %%sep%% %%sitename%%","_seopress_titles_desc":"Edullinen, halpa ja kest\u00e4v\u00e4 l\u00e4mmitys tuottaa energiaa. Korkealaatuiset pelletit, jotka on valmistettu kaurasta, tattarista, auringonkukasta ja turpeen kuoresta. Soita meille: +358 46 9595066","_seopress_robots_index":"","inline_featured_image":false,"footnotes":""},"class_list":{"0":"post-13985","1":"page","2":"type-page","3":"status-publish","5":"is-cat-link-borders-light is-cat-link-rounded"},"_links":{"self":[{"href":"https:\/\/gfes.fi\/fi\/wp-json\/wp\/v2\/pages\/13985","targetHints":{"allow":["GET"]}}],"collection":[{"href":"https:\/\/gfes.fi\/fi\/wp-json\/wp\/v2\/pages"}],"about":[{"href":"https:\/\/gfes.fi\/fi\/wp-json\/wp\/v2\/types\/page"}],"author":[{"embeddable":true,"href":"https:\/\/gfes.fi\/fi\/wp-json\/wp\/v2\/users\/2"}],"replies":[{"embeddable":true,"href":"https:\/\/gfes.fi\/fi\/wp-json\/wp\/v2\/comments?post=13985"}],"version-history":[{"count":10,"href":"https:\/\/gfes.fi\/fi\/wp-json\/wp\/v2\/pages\/13985\/revisions"}],"predecessor-version":[{"id":14050,"href":"https:\/\/gfes.fi\/fi\/wp-json\/wp\/v2\/pages\/13985\/revisions\/14050"}],"wp:attachment":[{"href":"https:\/\/gfes.fi\/fi\/wp-json\/wp\/v2\/media?parent=13985"}],"curies":[{"name":"wp","href":"https:\/\/api.w.org\/{rel}","templated":true}]}}