{"id":13986,"date":"2025-10-01T12:38:58","date_gmt":"2025-10-01T12:38:58","guid":{"rendered":"https:\/\/gfes.fi\/?page_id=13986"},"modified":"2025-10-02T08:14:31","modified_gmt":"2025-10-02T08:14:31","slug":"teknik-gfes","status":"publish","type":"page","link":"https:\/\/gfes.fi\/sv\/teknik-gfes\/","title":{"rendered":"Teknik GFES"},"content":{"rendered":"\t\t<div data-elementor-type=\"wp-page\" data-elementor-id=\"13986\" class=\"elementor elementor-13986 elementor-13984\" data-elementor-post-type=\"page\">\n\t\t\t\t\t\t<section class=\"elementor-section elementor-top-section elementor-element elementor-element-3e6d302f elementor-section-full_width elementor-section-stretched elementor-section-height-default elementor-section-height-default\" data-id=\"3e6d302f\" data-element_type=\"section\" data-settings=\"{&quot;stretch_section&quot;:&quot;section-stretched&quot;,&quot;background_background&quot;:&quot;classic&quot;}\">\n\t\t\t\t\t\t<div class=\"elementor-container elementor-column-gap-default\">\n\t\t\t\t\t<div class=\"elementor-column elementor-col-100 elementor-top-column elementor-element elementor-element-68bfe26c\" data-id=\"68bfe26c\" data-element_type=\"column\">\n\t\t\t<div class=\"elementor-widget-wrap\">\n\t\t\t\t\t\t\t<\/div>\n\t\t<\/div>\n\t\t\t\t\t<\/div>\n\t\t<\/section>\n\t\t\t\t<section class=\"elementor-section elementor-top-section elementor-element elementor-element-4fd0ab28 elementor-section-height-min-height elementor-section-boxed elementor-section-height-default elementor-section-items-middle\" data-id=\"4fd0ab28\" data-element_type=\"section\" data-settings=\"{&quot;background_background&quot;:&quot;classic&quot;,&quot;shape_divider_bottom&quot;:&quot;tilt&quot;}\">\n\t\t\t\t\t\t\t<div class=\"elementor-background-overlay\"><\/div>\n\t\t\t\t\t\t<div class=\"elementor-shape elementor-shape-bottom\" data-negative=\"false\">\n\t\t\t<svg xmlns=\"http:\/\/www.w3.org\/2000\/svg\" viewBox=\"0 0 1000 100\" preserveAspectRatio=\"none\">\n\t<path class=\"elementor-shape-fill\" d=\"M0,6V0h1000v100L0,6z\"\/>\n<\/svg>\t\t<\/div>\n\t\t\t\t\t<div class=\"elementor-container elementor-column-gap-default\">\n\t\t\t\t\t<div class=\"elementor-column elementor-col-100 elementor-top-column elementor-element elementor-element-6a8f409f\" data-id=\"6a8f409f\" data-element_type=\"column\">\n\t\t\t<div class=\"elementor-widget-wrap\">\n\t\t\t\t\t\t\t<\/div>\n\t\t<\/div>\n\t\t\t\t\t<\/div>\n\t\t<\/section>\n\t\t\t\t<section class=\"elementor-section elementor-top-section elementor-element elementor-element-cc1ddb8 elementor-section-boxed elementor-section-height-default elementor-section-height-default\" data-id=\"cc1ddb8\" data-element_type=\"section\" data-settings=\"{&quot;background_background&quot;:&quot;classic&quot;}\">\n\t\t\t\t\t\t<div class=\"elementor-container elementor-column-gap-default\">\n\t\t\t\t\t<div class=\"elementor-column elementor-col-100 elementor-top-column elementor-element elementor-element-1b470b6\" data-id=\"1b470b6\" data-element_type=\"column\">\n\t\t\t<div class=\"elementor-widget-wrap elementor-element-populated\">\n\t\t\t\t\t\t<div class=\"elementor-element elementor-element-a56c4ae elementor-widget elementor-widget-qi_addons_for_elementor_animated_text\" data-id=\"a56c4ae\" data-element_type=\"widget\" data-widget_type=\"qi_addons_for_elementor_animated_text.default\">\n\t\t\t\t<div class=\"elementor-widget-container\">\n\t\t\t<div class=\"qodef-shortcode qodef-m  qodef-qi-animated-text qodef--animated-by-letter  qodef-qi--has-appear qodef--appear-from-right\" >\n\t\t<h1 class=\"qodef-m-title\">\n\t\t<span class=\"qodef-e-word-holder\">Teknik<\/span> <span class=\"qodef-e-word-holder\">GFES<\/span>\t<\/h1>\n<\/div>\n\t\t<\/div>\n\t\t\t\t<\/div>\n\t\t\t\t<div class=\"elementor-element elementor-element-e8eb76a animated-slow elementor-invisible elementor-widget elementor-widget-heading\" data-id=\"e8eb76a\" data-element_type=\"widget\" data-settings=\"{&quot;_animation&quot;:&quot;fadeInUp&quot;}\" data-widget_type=\"heading.default\">\n\t\t\t\t<div class=\"elementor-widget-container\">\n\t\t\t<h2 class=\"elementor-heading-title elementor-size-default\">Med v\u00e5rt engagemang f\u00f6r kvalitet och innovation tillhandah\u00e5ller vi den senaste tekniken f\u00f6r att driva ditt f\u00f6retag eller personliga behov. V\u00e5ra anpassningsbara l\u00f6sningar tillgodoser alla krav, fr\u00e5n station\u00e4ra datorer p\u00e5 nyb\u00f6rjarniv\u00e5 till avancerade arbetsstationer.<\/h2>\t\t<\/div>\n\t\t\t\t<\/div>\n\t\t<div class=\"elementor-element elementor-element-ff5237d e-flex e-con-boxed e-con e-parent\" data-id=\"ff5237d\" data-element_type=\"container\">\n\t\t\t\t\t<div class=\"e-con-inner\">\n\t\t\t\t<div class=\"elementor-element elementor-element-baffc20 elementor-widget elementor-widget-text-editor\" data-id=\"baffc20\" data-element_type=\"widget\" data-widget_type=\"text-editor.default\">\n\t\t\t\t<div class=\"elementor-widget-container\">\n\t\t\t\t\t\t\t<p>V\u00e5rt omfattande utbud av IT-utrustning, fr\u00e5n b\u00e4rbara datorer till servrar, finns att hyra f\u00f6r att passa dina aff\u00e4rsbehov. V\u00e5ra flexibla leasingalternativ g\u00f6r att du kan h\u00e5lla din teknik uppdaterad utan de initiala kostnaderna f\u00f6r att k\u00f6pa ny utrustning.<\/p>\n\t\t\t\t\t\t<\/div>\n\t\t\t\t<\/div>\n\t\t\t\t<div class=\"elementor-element elementor-element-f56f796 elementor-widget elementor-widget-text-editor\" data-id=\"f56f796\" data-element_type=\"widget\" data-widget_type=\"text-editor.default\">\n\t\t\t\t<div class=\"elementor-widget-container\">\n\t\t\t\t\t\t\t<p>GFES ger dig den b\u00e4sta tekniken fr\u00e5n de st\u00f6rsta och mest p\u00e5litliga varum\u00e4rkena i branschen. Med detta m\u00e5ngsidiga utbud av varum\u00e4rken erbjuder vi skr\u00e4ddarsydda l\u00f6sningar f\u00f6r att m\u00f6ta dina unika aff\u00e4rsbehov.<\/p>\n<p>Oavsett om du letar efter h\u00e5rdvara, programvara eller n\u00e4tverksl\u00f6sningar har vi t\u00e4ckt dig.<\/p>\n\t\t\t\t\t\t<\/div>\n\t\t\t\t<\/div>\n\t\t\t\t\t<\/div>\n\t\t\t\t<\/div>\n\t\t\t\t\t<\/div>\n\t\t<\/div>\n\t\t\t\t\t<\/div>\n\t\t<\/section>\n\t\t\t\t<section class=\"elementor-section elementor-top-section elementor-element elementor-element-fe37404 elementor-section-height-min-height elementor-section-stretched elementor-section-boxed elementor-section-height-default elementor-section-items-middle\" data-id=\"fe37404\" data-element_type=\"section\" data-settings=\"{&quot;stretch_section&quot;:&quot;section-stretched&quot;,&quot;background_background&quot;:&quot;classic&quot;}\">\n\t\t\t\t\t\t\t<div class=\"elementor-background-overlay\"><\/div>\n\t\t\t\t\t\t\t<div class=\"elementor-container elementor-column-gap-default\">\n\t\t\t\t\t<div class=\"elementor-column elementor-col-100 elementor-top-column elementor-element elementor-element-35b7e44\" data-id=\"35b7e44\" data-element_type=\"column\">\n\t\t\t<div class=\"elementor-widget-wrap elementor-element-populated\">\n\t\t\t\t\t\t<div class=\"elementor-element elementor-element-549b413 animated-slow elementor-invisible elementor-widget elementor-widget-qi_addons_for_elementor_typeout_text\" data-id=\"549b413\" data-element_type=\"widget\" data-settings=\"{&quot;_animation&quot;:&quot;fadeInUp&quot;}\" data-widget_type=\"qi_addons_for_elementor_typeout_text.default\">\n\t\t\t\t<div class=\"elementor-widget-container\">\n\t\t\t<div class=\"qodef-shortcode qodef-m  qodef-qi-typeout-text\" data-strings=\"[&quot;&quot;]\">\n\t<h1 class=\"qodef-m-text\">\n\t\t\t\t\tTr\u00f6tt p\u00e5 att betala f\u00f6r mycket?\t\t\t\t<span class=\"qodef-typeout-holder\">\n\t\t\t<span class=\"qodef-typeout\"><\/span>\n\t\t<\/span>\n\t<\/h1>\n<\/div>\n\t\t<\/div>\n\t\t\t\t<\/div>\n\t\t\t\t<div class=\"elementor-element elementor-element-498f505 animated-slow elementor-invisible elementor-widget elementor-widget-qi_addons_for_elementor_typeout_text\" data-id=\"498f505\" data-element_type=\"widget\" data-settings=\"{&quot;_animation&quot;:&quot;fadeInUp&quot;}\" data-widget_type=\"qi_addons_for_elementor_typeout_text.default\">\n\t\t\t\t<div class=\"elementor-widget-container\">\n\t\t\t<div class=\"qodef-shortcode qodef-m  qodef-qi-typeout-text\" data-strings=\"[&quot;Hei&quot;,&quot;Hej&quot;,&quot;Zdravstvuyte&quot;,&quot;Tere Tere&quot;]\">\n\t<h2 class=\"qodef-m-text\">\n\t\t\t\t\tTveka inte att s\u00e4ga\t\t\t\t<span class=\"qodef-typeout-holder\">\n\t\t\t<span class=\"qodef-typeout\"><\/span>\n\t\t<\/span>\n\t<\/h2>\n<\/div>\n\t\t<\/div>\n\t\t\t\t<\/div>\n\t\t\t\t<div class=\"elementor-element elementor-element-aee24d6 elementor-widget__width-auto animated-slow elementor-invisible elementor-widget elementor-widget-qi_addons_for_elementor_button\" data-id=\"aee24d6\" data-element_type=\"widget\" data-settings=\"{&quot;_animation&quot;:&quot;fadeInUp&quot;,&quot;_animation_delay&quot;:&quot;200&quot;}\" data-widget_type=\"qi_addons_for_elementor_button.default\">\n\t\t\t\t<div class=\"elementor-widget-container\">\n\t\t\t<a class=\"qodef-shortcode qodef-m  qodef-qi-button qodef-html--link qodef-layout--outlined qodef-type--icon-boxed   qodef-icon--right qodef-hover--icon-move-horizontal-short   qodef-text-underline qodef-underline--left \" href=\"https:\/\/gfes.fi\/contact\/\" target=\"_self\">\n\t<span class=\"qodef-m-text\">L\u00e5t oss prata<\/span>\n\t\t<span class=\"qodef-m-icon \">\n\t\t<span class=\"qodef-m-icon-inner\">\n\t\t\t<svg aria-hidden=\"true\" class=\"e-font-icon-svg e-fas-long-arrow-alt-right\" viewBox=\"0 0 448 512\" xmlns=\"http:\/\/www.w3.org\/2000\/svg\"><path d=\"M313.941 216H12c-6.627 0-12 5.373-12 12v56c0 6.627 5.373 12 12 12h301.941v46.059c0 21.382 25.851 32.09 40.971 16.971l86.059-86.059c9.373-9.373 9.373-24.569 0-33.941l-86.059-86.059c-15.119-15.119-40.971-4.411-40.971 16.971V216z\"><\/path><\/svg>\t\t\t\t\t<\/span>\n\t<\/span>\n<\/a>\n\t\t<\/div>\n\t\t\t\t<\/div>\n\t\t\t\t\t<\/div>\n\t\t<\/div>\n\t\t\t\t\t<\/div>\n\t\t<\/section>\n\t\t\t\t<\/div>\n\t\t","protected":false},"excerpt":{"rendered":"<p>Teknik GFES Med v\u00e5rt engagemang f\u00f6r kvalitet och innovation tillhandah\u00e5ller vi den senaste tekniken f\u00f6r att driva ditt f\u00f6retag eller personliga behov. V\u00e5ra anpassningsbara l\u00f6sningar tillgodoser alla krav, fr\u00e5n station\u00e4ra datorer p\u00e5 nyb\u00f6rjarniv\u00e5 till avancerade arbetsstationer. V\u00e5rt omfattande utbud av IT-utrustning, fr\u00e5n b\u00e4rbara datorer till servrar, finns att hyra f\u00f6r att passa dina aff\u00e4rsbehov. V\u00e5ra flexibla leasingalternativ g\u00f6r att du kan h\u00e5lla din teknik uppdaterad&#8230; <\/p>\n<p class=\"more\"><a class=\"more-link\" href=\"https:\/\/gfes.fi\/sv\/teknik-gfes\/\">Read More<\/a><\/p>\n","protected":false},"author":2,"featured_media":0,"parent":0,"menu_order":0,"comment_status":"closed","ping_status":"closed","template":"elementor_header_footer","meta":{"_seopress_robots_primary_cat":"","_seopress_titles_title":"Billig v\u00e4rmef\u00f6rs\u00f6rjning, biomassauppv\u00e4rmningsl\u00f6sningar %%sep%% %%sitename%%","_seopress_titles_desc":"Prisv\u00e4rd, billig och h\u00e5llbar v\u00e4rmef\u00f6rs\u00f6rjning energi. H\u00f6gkvalitativa pellets gjorda av havre, bovete, solros och Torvskal. Ring oss: +358 46 9595066","_seopress_robots_index":"","inline_featured_image":false,"footnotes":""},"class_list":{"0":"post-13986","1":"page","2":"type-page","3":"status-publish","5":"is-cat-link-borders-light is-cat-link-rounded"},"_links":{"self":[{"href":"https:\/\/gfes.fi\/sv\/wp-json\/wp\/v2\/pages\/13986","targetHints":{"allow":["GET"]}}],"collection":[{"href":"https:\/\/gfes.fi\/sv\/wp-json\/wp\/v2\/pages"}],"about":[{"href":"https:\/\/gfes.fi\/sv\/wp-json\/wp\/v2\/types\/page"}],"author":[{"embeddable":true,"href":"https:\/\/gfes.fi\/sv\/wp-json\/wp\/v2\/users\/2"}],"replies":[{"embeddable":true,"href":"https:\/\/gfes.fi\/sv\/wp-json\/wp\/v2\/comments?post=13986"}],"version-history":[{"count":8,"href":"https:\/\/gfes.fi\/sv\/wp-json\/wp\/v2\/pages\/13986\/revisions"}],"predecessor-version":[{"id":14051,"href":"https:\/\/gfes.fi\/sv\/wp-json\/wp\/v2\/pages\/13986\/revisions\/14051"}],"wp:attachment":[{"href":"https:\/\/gfes.fi\/sv\/wp-json\/wp\/v2\/media?parent=13986"}],"curies":[{"name":"wp","href":"https:\/\/api.w.org\/{rel}","templated":true}]}}